{"id":11,"date":"2023-07-08T15:42:58","date_gmt":"2023-07-08T13:42:58","guid":{"rendered":"https:\/\/robotnickaubytovna.sk\/nova\/?page_id=11"},"modified":"2026-02-12T21:45:44","modified_gmt":"2026-02-12T20:45:44","slug":"robotnicka-ubytovna-dunajska-luzna","status":"publish","type":"page","link":"https:\/\/robotnickaubytovna.sk\/","title":{"rendered":"Domov"},"content":{"rendered":"<div class=\"wp-block-image\">\n<figure class=\"aligncenter size-full is-resized\"><img decoding=\"async\" loading=\"lazy\" src=\"https:\/\/robotnickaubytovna.sk\/nova\/wp-content\/uploads\/2023\/10\/IMG_3769c.jpg\" alt=\"\" class=\"wp-image-161\" width=\"1450\" height=\"544\" srcset=\"https:\/\/robotnickaubytovna.sk\/wp-content\/uploads\/2023\/10\/IMG_3769c.jpg 850w, https:\/\/robotnickaubytovna.sk\/wp-content\/uploads\/2023\/10\/IMG_3769c-300x113.jpg 300w, https:\/\/robotnickaubytovna.sk\/wp-content\/uploads\/2023\/10\/IMG_3769c-768x288.jpg 768w\" sizes=\"(max-width: 1450px) 100vw, 1450px\" \/><\/figure><\/div>\n\n\n<div style=\"height:67px\" aria-hidden=\"true\" class=\"wp-block-spacer\"><\/div>\n\n\n\n<h3 class=\"wp-block-heading has-text-align-center\"><strong>V\u00edtame V\u00e1s na str\u00e1nke robotn\u00edckej ubytovne v Dunajskej Lu\u017enej<\/strong><\/h3>\n\n\n\n<div style=\"height:32px\" aria-hidden=\"true\" class=\"wp-block-spacer\"><\/div>\n\n\n\n<div style=\"text-align:left;width:60%;margin-left:20%\">\n\n\n\n<p class=\"has-text-align-left\">V na\u0161ej ubytovni pon\u00fakame kr\u00e1tkodob\u00e9, ale aj dlhodob\u00e9 ubytovanie, za ve\u013emi v\u00fdhodn\u00e9 ceny. <br>Na\u0161a ubytov\u0148a je situovan\u00e1 v okrajovej \u010dasti obce Dunajsk\u00e1 Lu\u017en\u00e1, v bezprostrednej bl\u00edzkosti obchodu, \u0161k\u00f4lky, \u010di autobusovej zast\u00e1vky. <br>Ubytovanie je dostupn\u00e9 po cel\u00fd rok. Je vhodn\u00e9 pre jednotlicovcov trvale pracuj\u00facich i pre brig\u00e1dnikov.<br>Na\u0161e slu\u017eby s\u00fa cenovo ve\u013emi vyhovuj\u00face.<br><br>Pevne ver\u00edme \u017ee sa V\u00e1m u n\u00e1s bude p\u00e1\u010di\u0165 a \u017ee sa k n\u00e1m znovu vr\u00e1tite.<\/p>\n\n\n\n<\/div>\n\n\n\n<hr class=\"wp-block-separator has-alpha-channel-opacity\" id=\"ubytovanie\"\/>\n\n\n\n<div class=\"wp-block-cover is-light\" style=\"min-height:800px\"><span aria-hidden=\"true\" class=\"wp-block-cover__background has-background-dim-100 has-background-dim\" style=\"background-color:#e6e6e6\"><\/span><div class=\"wp-block-cover__inner-container\">\n<div style=\"text-align:left;width:60%;margin-left:20%\">\n\n\n\n<div class=\"wp-block-group is-layout-constrained\"><div class=\"wp-block-group__inner-container\">\n<h2 class=\"wp-block-heading\">Ubytovanie<\/h2>\n\n\n\n<p>Ubytovanie poskytujeme v dvoch samostatn\u00fdch, bl\u00edzko seba stojacich, bodov\u00e1ch. Ubytova\u0165 sa m\u00f4\u017eete v ktorejko\u013evek z nich, pod\u013ea aktu\u00e1lnej obsadenosti l\u00f4\u017eok.<\/p>\n\n\n\n<p>V ka\u017edej budove s\u00fa soci\u00e1lne zariadenia a men\u0161ia kuchynka. <\/p>\n\n\n\n<p>Vybavevnie kuchynky:<\/p>\n\n\n\n<ul>\n<li>drez <\/li>\n\n\n\n<li>\u0161\u00e1lky<\/li>\n\n\n\n<li>r\u00fdchlovarn\u00e1 kanvica<\/li>\n\n\n\n<li>elektrick\u00e9 platne <\/li>\n\n\n\n<li>chladni\u010dka<\/li>\n\n\n\n<li>mikrovlnn\u00e1 r\u00fara<\/li>\n<\/ul>\n\n\n\n<div style=\"height:30px\" aria-hidden=\"true\" class=\"wp-block-spacer\"><\/div>\n\n\n\n<p>V na\u0161ej ubytovni dovedna 12 izieb. M\u00f4\u017eete si vybra\u0165 izbu: <\/p>\n\n\n\n<ul>\n<li>2 l\u00f4\u017ekov\u00fa<\/li>\n\n\n\n<li>4 l\u00f4\u017ekov\u00fa <\/li>\n\n\n\n<li>6 l\u00f4\u017ekov\u00fa <\/li>\n<\/ul>\n\n\n\n<p><\/p>\n\n\n\n<p>Ka\u017ed\u00e1 izba je vybaven\u00e1 telev\u00edzorom, stolom so stoli\u010dkami, n\u00e1bytkom a samozrejme poste\u013eami.<\/p>\n\n\n\n<p><br>Ak m\u00e1te tipy, ako m\u00f4\u017eeme na\u0161e slu\u017eby zlep\u0161i\u0165, dajte n\u00e1m o tom  vedie\u0165. Svoje n\u00e1pady na zlep\u0161enie n\u00e1m posielajte na na\u0161u mailov\u00fa adresu.<\/p>\n\n\n\n<p class=\"has-text-align-right\">\u010eakujeme<\/p>\n<\/div><\/div>\n\n\n\n<\/div>\n<\/div><\/div>\n\n\n\n<hr class=\"wp-block-separator has-alpha-channel-opacity\" id=\"sluzby\"\/>\n\n\n\n<div style=\"text-align:left;width:60%;margin-left:20%\">\n\n\n\n<h3 class=\"wp-block-heading\">Slu\u017eby<\/h3>\n\n\n\n<div class=\"wp-block-columns is-layout-flex wp-container-5\">\n<div class=\"wp-block-column is-layout-flow\"><div class=\"wp-block-image\">\n<figure class=\"aligncenter size-full\"><img decoding=\"async\" loading=\"lazy\" width=\"400\" height=\"400\" src=\"https:\/\/robotnickaubytovna.sk\/nova\/wp-content\/uploads\/2023\/09\/parking.png\" alt=\"\" class=\"wp-image-146\" srcset=\"https:\/\/robotnickaubytovna.sk\/wp-content\/uploads\/2023\/09\/parking.png 400w, https:\/\/robotnickaubytovna.sk\/wp-content\/uploads\/2023\/09\/parking-300x300.png 300w, https:\/\/robotnickaubytovna.sk\/wp-content\/uploads\/2023\/09\/parking-150x150.png 150w\" sizes=\"(max-width: 400px) 100vw, 400px\" \/><\/figure><\/div>\n\n\n<p class=\"has-text-align-center\">&nbsp;Parkovanie v are\u00e1li ubytovne<\/p>\n<\/div>\n\n\n\n<div class=\"wp-block-column is-layout-flow\"><div class=\"wp-block-image\">\n<figure class=\"aligncenter size-full\"><img decoding=\"async\" loading=\"lazy\" width=\"400\" height=\"400\" src=\"https:\/\/robotnickaubytovna.sk\/nova\/wp-content\/uploads\/2023\/09\/wifi.png\" alt=\"\" class=\"wp-image-148\" srcset=\"https:\/\/robotnickaubytovna.sk\/wp-content\/uploads\/2023\/09\/wifi.png 400w, https:\/\/robotnickaubytovna.sk\/wp-content\/uploads\/2023\/09\/wifi-300x300.png 300w, https:\/\/robotnickaubytovna.sk\/wp-content\/uploads\/2023\/09\/wifi-150x150.png 150w\" sizes=\"(max-width: 400px) 100vw, 400px\" \/><\/figure><\/div>\n\n\n<p class=\"has-text-align-center\">Pripojenie na internet<\/p>\n<\/div>\n\n\n\n<div class=\"wp-block-column is-layout-flow\"><div class=\"wp-block-image\">\n<figure class=\"aligncenter size-full\"><img decoding=\"async\" loading=\"lazy\" width=\"400\" height=\"400\" src=\"https:\/\/robotnickaubytovna.sk\/nova\/wp-content\/uploads\/2023\/09\/pracka.png\" alt=\"\" class=\"wp-image-149\" srcset=\"https:\/\/robotnickaubytovna.sk\/wp-content\/uploads\/2023\/09\/pracka.png 400w, https:\/\/robotnickaubytovna.sk\/wp-content\/uploads\/2023\/09\/pracka-300x300.png 300w, https:\/\/robotnickaubytovna.sk\/wp-content\/uploads\/2023\/09\/pracka-150x150.png 150w\" sizes=\"(max-width: 400px) 100vw, 400px\" \/><\/figure><\/div>\n\n\n<p class=\"has-text-align-center\">Mo\u017enos\u0165 vyu\u017eitia pra\u010dky<\/p>\n<\/div>\n<\/div>\n\n\n\n<\/div>\n\n\n\n<hr class=\"wp-block-separator has-alpha-channel-opacity\" id=\"vybavenost\"\/>\n\n\n\n<div class=\"wp-block-cover is-light\" style=\"min-height:700px\"><span aria-hidden=\"true\" class=\"wp-block-cover__background has-background-dim-100 has-background-dim\" style=\"background-color:#dbf1fd\"><\/span><div class=\"wp-block-cover__inner-container\">\n<div style=\"height:27px\" aria-hidden=\"true\" class=\"wp-block-spacer\"><\/div>\n\n\n\n<div class=\"wp-block-group is-layout-constrained\"><div class=\"wp-block-group__inner-container\">\n<div style=\"text-align:left;width:60%;margin-left:20%\">\n\n\n\n<h3 class=\"wp-block-heading\">Vybavenos\u0165 v okol\u00ed<\/h3>\n\n\n\n<div class=\"wp-block-columns is-layout-flex wp-container-14\">\n<div class=\"wp-block-column is-layout-flow\">\n<div class=\"wp-block-columns is-layout-flex wp-container-8\">\n<div class=\"wp-block-column is-layout-flow\">\n<figure class=\"wp-block-image size-full\"><img decoding=\"async\" loading=\"lazy\" width=\"400\" height=\"400\" src=\"https:\/\/robotnickaubytovna.sk\/nova\/wp-content\/uploads\/2023\/09\/bus.png\" alt=\"\" class=\"wp-image-150\" srcset=\"https:\/\/robotnickaubytovna.sk\/wp-content\/uploads\/2023\/09\/bus.png 400w, https:\/\/robotnickaubytovna.sk\/wp-content\/uploads\/2023\/09\/bus-300x300.png 300w, https:\/\/robotnickaubytovna.sk\/wp-content\/uploads\/2023\/09\/bus-150x150.png 150w\" sizes=\"(max-width: 400px) 100vw, 400px\" \/><\/figure>\n\n\n\n<p class=\"has-text-align-center\">Zast\u00e1vka autobusu<\/p>\n<\/div>\n\n\n\n<div class=\"wp-block-column is-layout-flow\">\n<figure class=\"wp-block-image size-full\"><img decoding=\"async\" loading=\"lazy\" width=\"400\" height=\"400\" src=\"https:\/\/robotnickaubytovna.sk\/nova\/wp-content\/uploads\/2023\/09\/pub.png\" alt=\"\" class=\"wp-image-151\" srcset=\"https:\/\/robotnickaubytovna.sk\/wp-content\/uploads\/2023\/09\/pub.png 400w, https:\/\/robotnickaubytovna.sk\/wp-content\/uploads\/2023\/09\/pub-300x300.png 300w, https:\/\/robotnickaubytovna.sk\/wp-content\/uploads\/2023\/09\/pub-150x150.png 150w\" sizes=\"(max-width: 400px) 100vw, 400px\" \/><\/figure>\n\n\n\n<p class=\"has-text-align-center\">Pohostinsk\u00e9 zariadenie<\/p>\n<\/div>\n<\/div>\n<\/div>\n\n\n\n<div class=\"wp-block-column is-layout-flow\">\n<div class=\"wp-block-columns is-layout-flex wp-container-12\">\n<div class=\"wp-block-column is-layout-flow\">\n<figure class=\"wp-block-image size-full\"><img decoding=\"async\" loading=\"lazy\" width=\"400\" height=\"400\" src=\"https:\/\/robotnickaubytovna.sk\/nova\/wp-content\/uploads\/2023\/09\/haircut.png\" alt=\"\" class=\"wp-image-159\" srcset=\"https:\/\/robotnickaubytovna.sk\/wp-content\/uploads\/2023\/09\/haircut.png 400w, https:\/\/robotnickaubytovna.sk\/wp-content\/uploads\/2023\/09\/haircut-300x300.png 300w, https:\/\/robotnickaubytovna.sk\/wp-content\/uploads\/2023\/09\/haircut-150x150.png 150w\" sizes=\"(max-width: 400px) 100vw, 400px\" \/><\/figure>\n\n\n\n<p class=\"has-text-align-center\">Kadern\u00edcke slu\u017eby<\/p>\n<\/div>\n\n\n\n<div class=\"wp-block-column is-layout-flow\">\n<figure class=\"wp-block-image size-full\"><img decoding=\"async\" loading=\"lazy\" width=\"400\" height=\"400\" src=\"https:\/\/robotnickaubytovna.sk\/nova\/wp-content\/uploads\/2023\/09\/doctor.png\" alt=\"\" class=\"wp-image-154\" srcset=\"https:\/\/robotnickaubytovna.sk\/wp-content\/uploads\/2023\/09\/doctor.png 400w, https:\/\/robotnickaubytovna.sk\/wp-content\/uploads\/2023\/09\/doctor-300x300.png 300w, https:\/\/robotnickaubytovna.sk\/wp-content\/uploads\/2023\/09\/doctor-150x150.png 150w\" sizes=\"(max-width: 400px) 100vw, 400px\" \/><\/figure>\n\n\n\n<p class=\"has-text-align-center\">V\u0161eobecn\u00fd lek\u00e1r<\/p>\n<\/div>\n<\/div>\n<\/div>\n<\/div>\n\n\n\n<div class=\"wp-block-columns is-layout-flex wp-container-23\">\n<div class=\"wp-block-column is-layout-flow\">\n<div class=\"wp-block-columns is-layout-flex wp-container-17\">\n<div class=\"wp-block-column is-layout-flow\">\n<figure class=\"wp-block-image size-full\"><img decoding=\"async\" loading=\"lazy\" width=\"400\" height=\"400\" src=\"https:\/\/robotnickaubytovna.sk\/nova\/wp-content\/uploads\/2023\/09\/library.png\" alt=\"\" class=\"wp-image-155\" srcset=\"https:\/\/robotnickaubytovna.sk\/wp-content\/uploads\/2023\/09\/library.png 400w, https:\/\/robotnickaubytovna.sk\/wp-content\/uploads\/2023\/09\/library-300x300.png 300w, https:\/\/robotnickaubytovna.sk\/wp-content\/uploads\/2023\/09\/library-150x150.png 150w\" sizes=\"(max-width: 400px) 100vw, 400px\" \/><\/figure>\n\n\n\n<p class=\"has-text-align-center\">Obecn\u00e1 kni\u017enica<\/p>\n<\/div>\n\n\n\n<div class=\"wp-block-column is-layout-flow\">\n<figure class=\"wp-block-image size-full\"><img decoding=\"async\" loading=\"lazy\" width=\"400\" height=\"400\" src=\"https:\/\/robotnickaubytovna.sk\/nova\/wp-content\/uploads\/2023\/09\/kindergarten.png\" alt=\"\" class=\"wp-image-156\" srcset=\"https:\/\/robotnickaubytovna.sk\/wp-content\/uploads\/2023\/09\/kindergarten.png 400w, https:\/\/robotnickaubytovna.sk\/wp-content\/uploads\/2023\/09\/kindergarten-300x300.png 300w, https:\/\/robotnickaubytovna.sk\/wp-content\/uploads\/2023\/09\/kindergarten-150x150.png 150w\" sizes=\"(max-width: 400px) 100vw, 400px\" \/><\/figure>\n\n\n\n<p class=\"has-text-align-center\">Matersk\u00e1 \u0161kola<\/p>\n<\/div>\n<\/div>\n<\/div>\n\n\n\n<div class=\"wp-block-column is-layout-flow\">\n<div class=\"wp-block-columns is-layout-flex wp-container-21\">\n<div class=\"wp-block-column is-layout-flow\">\n<figure class=\"wp-block-image size-full\"><img decoding=\"async\" loading=\"lazy\" width=\"400\" height=\"400\" src=\"https:\/\/robotnickaubytovna.sk\/nova\/wp-content\/uploads\/2023\/09\/veterinar.png\" alt=\"\" class=\"wp-image-157\" srcset=\"https:\/\/robotnickaubytovna.sk\/wp-content\/uploads\/2023\/09\/veterinar.png 400w, https:\/\/robotnickaubytovna.sk\/wp-content\/uploads\/2023\/09\/veterinar-300x300.png 300w, https:\/\/robotnickaubytovna.sk\/wp-content\/uploads\/2023\/09\/veterinar-150x150.png 150w\" sizes=\"(max-width: 400px) 100vw, 400px\" \/><\/figure>\n\n\n\n<p class=\"has-text-align-center\">Zverolek\u00e1r<\/p>\n<\/div>\n\n\n\n<div class=\"wp-block-column is-layout-flow\">\n<figure class=\"wp-block-image size-full\"><img decoding=\"async\" loading=\"lazy\" width=\"400\" height=\"400\" src=\"https:\/\/robotnickaubytovna.sk\/nova\/wp-content\/uploads\/2023\/09\/playgroung.png\" alt=\"\" class=\"wp-image-158\" srcset=\"https:\/\/robotnickaubytovna.sk\/wp-content\/uploads\/2023\/09\/playgroung.png 400w, https:\/\/robotnickaubytovna.sk\/wp-content\/uploads\/2023\/09\/playgroung-300x300.png 300w, https:\/\/robotnickaubytovna.sk\/wp-content\/uploads\/2023\/09\/playgroung-150x150.png 150w\" sizes=\"(max-width: 400px) 100vw, 400px\" \/><\/figure>\n\n\n\n<p class=\"has-text-align-center\">Detsk\u00e9 ihrisko<\/p>\n<\/div>\n<\/div>\n<\/div>\n<\/div>\n\n\n\n<\/div>\n<\/div><\/div>\n<\/div><\/div>\n\n\n\n<hr class=\"wp-block-separator has-alpha-channel-opacity\" id=\"cennik\"\/>\n\n\n\n<div style=\"text-align:left;width:60%;margin-left:20%\">\n\n\n\n<h3 class=\"wp-block-heading\">Cenn\u00edk<\/h3>\n\n\n\n<p>Ceny s\u00fa vr\u00e1tane DPH, pod\u013ea po\u010dtu noc\u00ed.<\/p>\n\n\n\n<figure class=\"wp-block-table\"><table><tbody><tr><td><strong>D\u013a\u017eka ubytovania<\/strong><\/td><td><strong>Cena<\/strong> <strong>za noc<\/strong><\/td><\/tr><tr><td>1 a\u017e 5 dn\u00ed<\/td><td>8,- \u20ac<\/td><\/tr><tr><td>5 a\u017e 10 dn\u00ed<\/td><td>7,- \u20ac<\/td><\/tr><tr><td>viac dn\u00ed<\/td><td>dohodou<\/td><\/tr><\/tbody><\/table><\/figure>\n\n\n\n<p id=\"text\">Vopred dohodnut\u00e9 ubytovania je mo\u017en\u00e9 zru\u0161i\u0165 iba za podmienok, \u017ee zaplaten\u00e1 finan\u010dn\u00e1 \u010diastka do ozn\u00e1menia o odst\u00fapen\u00ed od dohody do 72 hod\u00edn sa nevracia a ost\u00e1va ubytovate\u013eovi ako n\u00e1hrada na z\u00edskanie klientov. Dohodnut\u00e1 cena za ubytovanie a slu\u017eby sa vypl\u00e1ca o dohode o ubytovan\u00ed. <\/p>\n\n\n\n<p id=\"text\">Parkovanie motorov\u00fdch vozidiel v are\u00e1li ubytovne je v cene ubytovania. <\/p>\n\n\n\n<p id=\"text\">Cena poskytovan\u00fdch slu\u017eieb sa dojedn\u00e1va dohodou zmluvn\u00fdch str\u00e1n pod\u013ea z\u00e1kona 18\/1996zz o cen\u00e1ch v znen\u00ed neskor\u0161\u00edch predpisov a to ako cena jednotkov\u00e1 bez DPH. <\/p>\n\n\n\n<p id=\"text\">Hlavn\u00fdm d\u00f4vodom zo strany ubytovate\u013ea od okam\u017eit\u00e9ho odst\u00fapenia od zmluvy bez n\u00e1roku na vr\u00e1tenie zaplatenej \u010diastky je&nbsp;faj\u010denie v priestoroch ubytovne a poru\u0161enie ubytovacieho poriadku.<\/p>\n\n\n\n<\/div>\n\n\n\n<hr class=\"wp-block-separator has-alpha-channel-opacity\" id=\"galeria\"\/>\n\n\n\n<div class=\"wp-block-cover is-light\" style=\"min-height:530px\"><span aria-hidden=\"true\" class=\"wp-block-cover__background has-background-dim-100 has-background-dim\" style=\"background-color:#e6e6e6\"><\/span><div class=\"wp-block-cover__inner-container\">\n<div style=\"text-align:left;width:60%;margin-left:20%\">\n\n\n\n<h3 class=\"wp-block-heading\"><a href=\"https:\/\/robotnickaubytovna.sk\/?page_id=59\" data-type=\"page\" data-id=\"59\">Gal\u00e9ria<\/a><\/h3>\n\n\n\n<figure class=\"wp-block-image size-full\"><a href=\"https:\/\/robotnickaubytovna.sk\/?page_id=59\"><img decoding=\"async\" loading=\"lazy\" width=\"850\" height=\"319\" src=\"https:\/\/robotnickaubytovna.sk\/nova\/wp-content\/uploads\/2023\/09\/IMG_3763f.jpg\" alt=\"\" class=\"wp-image-138\" srcset=\"https:\/\/robotnickaubytovna.sk\/wp-content\/uploads\/2023\/09\/IMG_3763f.jpg 850w, https:\/\/robotnickaubytovna.sk\/wp-content\/uploads\/2023\/09\/IMG_3763f-300x113.jpg 300w, https:\/\/robotnickaubytovna.sk\/wp-content\/uploads\/2023\/09\/IMG_3763f-768x288.jpg 768w\" sizes=\"(max-width: 850px) 100vw, 850px\" \/><\/a><\/figure>\n\n\n\n<\/div>\n<\/div><\/div>\n\n\n\n<div style=\"height:22px\" aria-hidden=\"true\" class=\"wp-block-spacer\"><\/div>\n\n\n\n<hr class=\"wp-block-separator has-alpha-channel-opacity\" id=\"kontakt\"\/>\n\n\n\n<div style=\"text-align:left;width:60%;margin-left:20%\">\n\n\n\n<h3 class=\"wp-block-heading\">Kontakt<\/h3>\n\n\n\n<p><strong>Adresa:<\/strong><br>Kvetoslavovsk\u00e1 361<br>Dunajsk\u00e1 Lu\u017en\u00e1 900 42<br>Telef\u00f3n: 0905 618 244<br>Email: kadlecmarian@gmail.com<\/p>\n\n\n\n<iframe src=\"https:\/\/www.google.com\/maps\/embed?pb=!1m18!1m12!1m3!1d2665.6748159547346!2d17.27706629164897!3d48.07791938115765!2m3!1f0!2f0!3f0!3m2!1i1024!2i768!4f13.1!3m3!1m2!1s0x476c873488bf888f%3A0x4b94ff2ad817b467!2sUbytovanie%3A%20Robotn%C3%ADcka%20Ubytov%C5%88a!5e0!3m2!1sen!2ssk!4v1688831948779!5m2!1sen!2ssk\" width=\"800\" height=\"600\" style=\"border:0;\" allowfullscreen=\"\" loading=\"lazy\" referrerpolicy=\"no-referrer-when-downgrade\"><\/iframe>\n\n\n\n<\/div>\n","protected":false},"excerpt":{"rendered":"<p>V\u00edtame V\u00e1s na str\u00e1nke robotn\u00edckej ubytovne v Dunajskej Lu\u017enej V na\u0161ej ubytovni pon\u00fakame kr\u00e1tkodob\u00e9, ale aj dlhodob\u00e9 ubytovanie, za ve\u013emi v\u00fdhodn\u00e9 ceny. Na\u0161a ubytov\u0148a je situovan\u00e1 v okrajovej \u010dasti obce Dunajsk\u00e1 Lu\u017en\u00e1, v bezprostrednej bl\u00edzkosti obchodu, \u0161k\u00f4lky, \u010di autobusovej zast\u00e1vky. Ubytovanie je dostupn\u00e9 po cel\u00fd rok. Je vhodn\u00e9 pre jednotlicovcov trvale pracuj\u00facich i pre brig\u00e1dnikov.Na\u0161e&hellip;&nbsp;<a href=\"https:\/\/robotnickaubytovna.sk\/\" class=\"\" rel=\"bookmark\">\u010c\u00edta\u0165 viac &raquo;<span class=\"screen-reader-text\">Domov<\/span><\/a><\/p>\n","protected":false},"author":1,"featured_media":0,"parent":0,"menu_order":0,"comment_status":"closed","ping_status":"closed","template":"","meta":[],"_links":{"self":[{"href":"https:\/\/robotnickaubytovna.sk\/index.php?rest_route=\/wp\/v2\/pages\/11"}],"collection":[{"href":"https:\/\/robotnickaubytovna.sk\/index.php?rest_route=\/wp\/v2\/pages"}],"about":[{"href":"https:\/\/robotnickaubytovna.sk\/index.php?rest_route=\/wp\/v2\/types\/page"}],"author":[{"embeddable":true,"href":"https:\/\/robotnickaubytovna.sk\/index.php?rest_route=\/wp\/v2\/users\/1"}],"replies":[{"embeddable":true,"href":"https:\/\/robotnickaubytovna.sk\/index.php?rest_route=%2Fwp%2Fv2%2Fcomments&post=11"}],"version-history":[{"count":64,"href":"https:\/\/robotnickaubytovna.sk\/index.php?rest_route=\/wp\/v2\/pages\/11\/revisions"}],"predecessor-version":[{"id":178,"href":"https:\/\/robotnickaubytovna.sk\/index.php?rest_route=\/wp\/v2\/pages\/11\/revisions\/178"}],"wp:attachment":[{"href":"https:\/\/robotnickaubytovna.sk\/index.php?rest_route=%2Fwp%2Fv2%2Fmedia&parent=11"}],"curies":[{"name":"wp","href":"https:\/\/api.w.org\/{rel}","templated":true}]}}